{"id":468,"date":"2017-09-14T13:12:33","date_gmt":"2017-09-14T11:12:33","guid":{"rendered":"https:\/\/www.lejletul.com\/dubrovnik\/contact\/"},"modified":"2018-05-10T13:05:05","modified_gmt":"2018-05-10T11:05:05","slug":"kontakt","status":"publish","type":"page","link":"https:\/\/www.lejletul.com\/hr\/dubrovnik\/kontakt\/","title":{"rendered":"Kontakt"},"content":{"rendered":"[vc_row fullwidth=&#8221;true&#8221; css=&#8221;.vc_custom_1464683123982{background: #222222 url(https:\/\/www.lejletul.com\/wp-content\/uploads\/2016\/05\/BG4A7128.jpg?id=42) !important;background-position: center !important;background-repeat: no-repeat !important;background-size: cover !important;}&#8221;][vc_column css=&#8221;.vc_custom_1470347921177{background-position: center !important;background-repeat: no-repeat !important;background-size: cover !important;}&#8221; el_class=&#8221;coverelement&#8221;][\/vc_column][\/vc_row][vc_row equal_columns=&#8221;true&#8221; css=&#8221;.vc_custom_1464677573759{margin-top: 50px !important;margin-bottom: 50px !important;}&#8221;][vc_column width=&#8221;1\/2&#8243; css=&#8221;.vc_custom_1464677459979{background-position: center !important;background-repeat: no-repeat !important;background-size: cover !important;}&#8221; el_class=&#8221;accommodation&#8221;][vc_column_text]\n<h1>Kontakt informacije<\/h1>\n[\/vc_column_text][vc_empty_space height=&#8221;10px&#8221;][mk_contact_info phone=&#8221;+385 20 638 194&#8243; email=&#8221;lejletul.dubrovnik@gmail.com&#8221; address=&#8221;Nikole Gu\u010deti\u0107a 2, 20000 Dubrovnik&#8221;][vc_empty_space height=&#8221;10px&#8221;][mk_button dimension=&#8221;flat&#8221; corner_style=&#8221;rounded&#8221; size=&#8221;medium&#8221; url=&#8221;https:\/\/www.lejletul.com\/hr\/impressum\/&#8221;]Impressum[\/mk_button][vc_empty_space][\/vc_column][vc_column width=&#8221;1\/2&#8243;][vc_column_text]\n<h1>Kontakt obrazac<\/h1>\n[\/vc_column_text]\n                <div class='gf_browser_gecko gform_wrapper' id='gform_wrapper_5' ><div id='gf_5' class='gform_anchor' tabindex='-1'><\/div><form method='post' enctype='multipart\/form-data' target='gform_ajax_frame_5' id='gform_5'  action='\/hr\/wp-json\/wp\/v2\/pages\/468\/#gf_5'>\n                        <div class='gform_body'><ul id='gform_fields_5' class='gform_fields top_label form_sublabel_below description_below'><li id='field_5_1'  class='gfield gfield_contains_required field_sublabel_below field_description_below gfield_visibility_visible' ><label class='gfield_label gfield_label_before_complex'  >Ime<span class='gfield_required'>*<\/span><\/label><div class='ginput_complex ginput_container no_prefix has_first_name no_middle_name has_last_name no_suffix gf_name_has_2 ginput_container_name' id='input_5_1'>\n                            \n                            <span id='input_5_1_3_container' class='name_first' >\n                                                    <input type='text' name='input_1.3' id='input_5_1_3' value='' aria-label='First name'   aria-required=\"true\" aria-invalid=\"false\" \/>\n                                                    <label for='input_5_1_3' >Ime<\/label>\n                                                <\/span>\n                            \n                            <span id='input_5_1_6_container' class='name_last' >\n                                                    <input type='text' name='input_1.6' id='input_5_1_6' value='' aria-label='Last name'   aria-required=\"true\" aria-invalid=\"false\" \/>\n                                                    <label for='input_5_1_6' >Prezime<\/label>\n                                                <\/span>\n                            \n                        <\/div><\/li><li id='field_5_2'  class='gfield gf_left_half gfield_contains_required field_sublabel_below field_description_below gfield_visibility_visible' ><label class='gfield_label' for='input_5_2' >E-mail<span class='gfield_required'>*<\/span><\/label><div class='ginput_container ginput_container_email'>\n                            <input name='input_2' id='input_5_2' type='email' value='' class='medium'    aria-required=\"true\" aria-invalid=\"false\" \/>\n                        <\/div><\/li><li id='field_5_3'  class='gfield gf_right_half gfield_contains_required field_sublabel_below field_description_below gfield_visibility_visible' ><label class='gfield_label' for='input_5_3' >Telefon<span class='gfield_required'>*<\/span><\/label><div class='ginput_container ginput_container_phone'><input name='input_3' id='input_5_3' type='tel' value='' class='medium'   aria-required=\"true\" aria-invalid=\"false\"  \/><\/div><\/li><li id='field_5_4'  class='gfield gfield_contains_required field_sublabel_below field_description_below gfield_visibility_visible' ><label class='gfield_label' for='input_5_4' >Poruka<span class='gfield_required'>*<\/span><\/label><div class='ginput_container ginput_container_textarea'><textarea name='input_4' id='input_5_4' class='textarea medium'     aria-required=\"true\" aria-invalid=\"false\"   rows='10' cols='50'><\/textarea><\/div><\/li><li id='field_5_5'  class='gfield gfield_contains_required field_sublabel_below field_description_below gfield_visibility_visible' ><label class='gfield_label'  >Pohrana i obrada podataka<span class='gfield_required'>*<\/span><\/label><div class='ginput_container ginput_container_checkbox'><ul class='gfield_checkbox' id='input_5_5'><li class='gchoice_5_5_1'>\n\t\t\t\t\t\t\t\t<input name='input_5.1' type='checkbox'  value='Popunjavanjem ove forme prihva\u0107ate pohranu i obradu upisanih podataka.'  id='choice_5_5_1'   \/>\n\t\t\t\t\t\t\t\t<label for='choice_5_5_1' id='label_5_5_1'>Popunjavanjem ove forme prihva\u0107ate pohranu i obradu upisanih podataka.<\/label>\n\t\t\t\t\t\t\t<\/li><\/ul><\/div><\/li><li id='field_5_6'  class='gfield field_sublabel_below field_description_below gfield_visibility_visible' ><label class='gfield_label' for='input_5_6' >CAPTCHA<\/label><div id='input_5_6' class='ginput_container ginput_recaptcha' data-sitekey='6Le1vRwdAAAAAEIYi7MRqKc5eHHzZJ6_e1FNX1s_'  data-theme='light' data-tabindex='0'  data-badge=''><\/div><\/li>\n                            <\/ul><\/div>\n        <div class='gform_footer top_label'> <input type='submit' id='gform_submit_button_5' class='gform_button button' value='Po\u0161alji' tabindex='1' onclick='if(window[\"gf_submitting_5\"]){return false;}  if( !jQuery(\"#gform_5\")[0].checkValidity || jQuery(\"#gform_5\")[0].checkValidity()){window[\"gf_submitting_5\"]=true;}  ' onkeypress='if( event.keyCode == 13 ){ if(window[\"gf_submitting_5\"]){return false;} if( !jQuery(\"#gform_5\")[0].checkValidity || jQuery(\"#gform_5\")[0].checkValidity()){window[\"gf_submitting_5\"]=true;}  jQuery(\"#gform_5\").trigger(\"submit\",[true]); }' \/> <input type='hidden' name='gform_ajax' value='form_id=5&amp;title=&amp;description=&amp;tabindex=0' \/>\n            <input type='hidden' class='gform_hidden' name='is_submit_5' value='1' \/>\n            <input type='hidden' class='gform_hidden' name='gform_submit' value='5' \/>\n            \n            <input type='hidden' class='gform_hidden' name='gform_unique_id' value='' \/>\n            <input type='hidden' class='gform_hidden' name='state_5' value='WyJbXSIsIjYxNGVlMzI5ZTFmMTM2Njg3NmI1YTJiZWNlNmY1YTI5Il0=' \/>\n            <input type='hidden' class='gform_hidden' name='gform_target_page_number_5' id='gform_target_page_number_5' value='0' \/>\n            <input type='hidden' class='gform_hidden' name='gform_source_page_number_5' id='gform_source_page_number_5' value='1' \/>\n            <input type='hidden' name='gform_field_values' value='' \/>\n            \n        <\/div>\n                        <\/form>\n                        <\/div>\n                <iframe style='display:none;width:0px;height:0px;' src='about:blank' name='gform_ajax_frame_5' id='gform_ajax_frame_5' title='Ajax Frame'>This iframe contains the logic required to handle Ajax powered Gravity Forms.<\/iframe>\n                <script type='text\/javascript'>jQuery(document).ready(function($){gformInitSpinner( 5, 'https:\/\/www.lejletul.com\/wp-content\/plugins\/gravityforms\/images\/spinner.gif' );jQuery('#gform_ajax_frame_5').on('load',function(){var contents = jQuery(this).contents().find('*').html();var is_postback = contents.indexOf('GF_AJAX_POSTBACK') >= 0;if(!is_postback){return;}var form_content = jQuery(this).contents().find('#gform_wrapper_5');var is_confirmation = jQuery(this).contents().find('#gform_confirmation_wrapper_5').length > 0;var is_redirect = contents.indexOf('gformRedirect(){') >= 0;var is_form = form_content.length > 0 && ! is_redirect && ! is_confirmation;if(is_form){jQuery('#gform_wrapper_5').html(form_content.html());if(form_content.hasClass('gform_validation_error')){jQuery('#gform_wrapper_5').addClass('gform_validation_error');} else {jQuery('#gform_wrapper_5').removeClass('gform_validation_error');}setTimeout( function() { \/* delay the scroll by 50 milliseconds to fix a bug in chrome *\/ jQuery(document).scrollTop(jQuery('#gform_wrapper_5').offset().top); }, 50 );if(window['gformInitDatepicker']) {gformInitDatepicker();}if(window['gformInitPriceFields']) {gformInitPriceFields();}var current_page = jQuery('#gform_source_page_number_5').val();gformInitSpinner( 5, 'https:\/\/www.lejletul.com\/wp-content\/plugins\/gravityforms\/images\/spinner.gif' );jQuery(document).trigger('gform_page_loaded', [5, current_page]);window['gf_submitting_5'] = false;}else if(!is_redirect){var confirmation_content = jQuery(this).contents().find('.GF_AJAX_POSTBACK').html();if(!confirmation_content){confirmation_content = contents;}setTimeout(function(){jQuery('#gform_wrapper_5').replaceWith(confirmation_content);jQuery(document).scrollTop(jQuery('#gf_5').offset().top);jQuery(document).trigger('gform_confirmation_loaded', [5]);window['gf_submitting_5'] = false;}, 50);}else{jQuery('#gform_5').append(contents);if(window['gformRedirect']) {gformRedirect();}}jQuery(document).trigger('gform_post_render', [5, current_page]);} );} );<\/script><script type='text\/javascript'> jQuery(document).bind('gform_post_render', function(event, formId, currentPage){if(formId == 5) {} } );jQuery(document).bind('gform_post_conditional_logic', function(event, formId, fields, isInit){} );<\/script><script type='text\/javascript'> jQuery(document).ready(function(){jQuery(document).trigger('gform_post_render', [5, 1]) } ); <\/script>[\/vc_column][\/vc_row][vc_row fullwidth=&#8221;true&#8221; equal_columns=&#8221;true&#8221; css=&#8221;.vc_custom_1467741743178{margin-top: 0px !important;margin-bottom: 0px !important;}&#8221; el_class=&#8221;googlemaps&#8221;][vc_column css=&#8221;.vc_custom_1467741735628{background-position: center !important;background-repeat: no-repeat !important;background-size: cover !important;}&#8221;][vc_column_text]<div class=\"elfsight-widget-google-maps elfsight-widget\" data-elfsight-google-maps-options=\"%7B%22markers%22%3A%5B%7B%22position%22%3A%22Apartments%20And%20Rooms%20Lejletul%22%2C%22coordinates%22%3A%2242.6405055%2C%2018.10883910000007%22%2C%22icon%22%3A%22default%22%2C%22iconUrl%22%3A%22%22%2C%22infoWindow%22%3Afalse%2C%22infoTitle%22%3A%22%22%2C%22infoDescription%22%3A%22%22%2C%22infoImage%22%3A%22%22%2C%22infoAddress%22%3A%22%22%2C%22infoSite%22%3A%22%22%2C%22infoPhone%22%3A%22%22%2C%22infoEmail%22%3A%22%22%2C%22infoWorkingHours%22%3A%22%22%2C%22infoDirections%22%3Afalse%2C%22infoWindowOpenedByDefault%22%3Afalse%2C%22animation%22%3A%22none%22%2C%22linkUrl%22%3A%22%22%7D%5D%2C%22width%22%3A%22auto%22%2C%22height%22%3A%22300%22%2C%22divider%22%3Anull%2C%22locationsListEnabled%22%3Afalse%2C%22locationsListOpenedByDefault%22%3Atrue%2C%22locationsListTitle%22%3A%22Locations%20List%22%2C%22locationsListItemElements%22%3A%5B%22title%22%2C%22image%22%2C%22address%22%2C%22phone%22%2C%22workingHours%22%5D%2C%22center%22%3A%22auto%22%2C%22zoom%22%3A%2216%22%2C%22mapType%22%3A%22roadmap%22%2C%22controls%22%3A%5B%22zoom%22%5D%2C%22scrollwheel%22%3Afalse%2C%22draggable%22%3Atrue%2C%22layers%22%3A%5B%22poi%22%5D%2C%22lang%22%3A%22en%22%2C%22style%22%3A%22default%22%2C%22colorGeometry%22%3A%22%22%2C%22colorLabelsTextFill%22%3A%22%22%2C%22colorLabelsTextStroke%22%3A%22%22%2C%22colorAdministrativeGeometryStroke%22%3A%22%22%2C%22colorAdministrativeLandParcel%22%3A%22%22%2C%22colorLandscapeNaturalGeometry%22%3A%22%22%2C%22colorPoiGeometry%22%3A%22%22%2C%22colorPoiLabelsTextFill%22%3A%22%22%2C%22colorPoiParkGeometryFill%22%3A%22%22%2C%22colorPoiParkLabelsTextFill%22%3A%22%22%2C%22colorRoadGeometry%22%3A%22%22%2C%22colorRoadArterial%22%3A%22%22%2C%22colorRoadHighway%22%3A%22%22%2C%22colorRoadHighwayGeometryStroke%22%3A%22%22%2C%22colorRoadHighwayControlledAccessGeometry%22%3A%22%22%2C%22colorRoadHighwayControlledAccessGeometryStroke%22%3A%22%22%2C%22colorRoadLocalLabelsTextFill%22%3A%22%22%2C%22colorTransitLineGeometry%22%3A%22%22%2C%22colorTransitLineLabelsTextFill%22%3A%22%22%2C%22colorTransitLineLabelsTextStroke%22%3A%22%22%2C%22colorTransitStationGeometry%22%3A%22%22%2C%22colorWaterGeometryFill%22%3A%22%22%2C%22colorWaterLabelTextFill%22%3A%22%22%2C%22apiKey%22%3A%22%22%7D\"><\/div>[\/vc_column_text][mk_button dimension=&#8221;flat&#8221; size=&#8221;medium&#8221; icon=&#8221;mk-moon-direction&#8221; url=&#8221;https:\/\/www.google.hr\/maps\/dir\/\/Apartments+And+Rooms+Lejletul,+Nikole+Gu%C4%8Deti%C4%87a+2,+20000,+Dubrovnik\/@42.64049,18.1088027,15z\/data=!4m15!1m6!3m5!1s0x0:0x4c95f9ba8d18b738!2sApartments+And+Rooms+Lejletul!8m2!3d42.64049!4d18.1088027!4m7!1m0!1m5!1m1!1s0x134c0b325df143cd:0x4c95f9ba8d18b738!2m2!1d18.1088027!2d42.64049&#8243; target=&#8221;_blank&#8221; align=&#8221;center&#8221; fullwidth=&#8221;true&#8221; margin_bottom=&#8221;0&#8243; margin_right=&#8221;0&#8243; el_class=&#8221;navigatetous&#8221;]Odvedi me[\/mk_button][\/vc_column][\/vc_row]\n","protected":false},"excerpt":{"rendered":"<p>[vc_row fullwidth=&#8221;true&#8221; css=&#8221;.vc_custom_1464683123982{background: #222222 url(https:\/\/www.lejletul.com\/wp-content\/uploads\/2016\/05\/BG4A7128.jpg?id=42) !important;background-position: center !important;background-repeat: no-repeat !important;background-size: cover !important;}&#8221;][vc_column css=&#8221;.vc_custom_1470347921177{background-position: center !important;background-repeat: no-repeat !important;background-size: cover !important;}&#8221; el_class=&#8221;coverelement&#8221;][\/vc_column][\/vc_row][vc_row equal_columns=&#8221;true&#8221; css=&#8221;.vc_custom_1464677573759{margin-top: 50px !important;margin-bottom: 50px !important;}&#8221;][vc_column width=&#8221;1\/2&#8243; css=&#8221;.vc_custom_1464677459979{background-position: center !important;background-repeat: no-repeat !important;background-size: cover !important;}&#8221; el_class=&#8221;accommodation&#8221;][vc_column_text] Kontakt informacije [\/vc_column_text][vc_empty_space height=&#8221;10px&#8221;][mk_contact_info phone=&#8221;+385 20 638 194&#8243; email=&#8221;lejletul.dubrovnik@gmail.com&#8221; address=&#8221;Nikole Gu\u010deti\u0107a 2, 20000 Dubrovnik&#8221;][vc_empty_space height=&#8221;10px&#8221;][mk_button dimension=&#8221;flat&#8221; corner_style=&#8221;rounded&#8221; size=&#8221;medium&#8221; url=&#8221;https:\/\/www.lejletul.com\/hr\/impressum\/&#8221;]Impressum[\/mk_button][vc_empty_space][\/vc_column][vc_column width=&#8221;1\/2&#8243;][vc_column_text] [&hellip;]<\/p>\n","protected":false},"author":3,"featured_media":0,"parent":402,"menu_order":0,"comment_status":"closed","ping_status":"closed","template":"","meta":[],"yoast_head":"<!-- This site is optimized with the Yoast SEO plugin v21.5 - https:\/\/yoast.com\/wordpress\/plugins\/seo\/ -->\n<title>Kontakt | Lejletul Dubrovnik, Croatia<\/title>\n<meta name=\"description\" content=\"Ime Lejletul inspirirano je Kur\u2019anom, gdje je &quot;lejletu - l&quot; dio naziva za svete islamske no\u0107i. Smje\u0161taj \u010dine 4 odvojene cjeline.\" \/>\n<meta name=\"robots\" content=\"index, follow, max-snippet:-1, max-image-preview:large, max-video-preview:-1\" \/>\n<link rel=\"canonical\" href=\"https:\/\/www.lejletul.com\/hr\/dubrovnik\/kontakt\/\" \/>\n<meta property=\"og:locale\" content=\"hr_HR\" \/>\n<meta property=\"og:type\" content=\"article\" \/>\n<meta property=\"og:title\" content=\"Kontakt | Lejletul Dubrovnik, Croatia\" \/>\n<meta property=\"og:description\" content=\"Ime Lejletul inspirirano je Kur\u2019anom, gdje je &quot;lejletu - l&quot; dio naziva za svete islamske no\u0107i. Smje\u0161taj \u010dine 4 odvojene cjeline.\" \/>\n<meta property=\"og:url\" content=\"https:\/\/www.lejletul.com\/hr\/dubrovnik\/kontakt\/\" \/>\n<meta property=\"og:site_name\" content=\"Lejletul | Unique, Urban, Smart.\" \/>\n<meta property=\"article:modified_time\" content=\"2018-05-10T11:05:05+00:00\" \/>\n<meta name=\"twitter:card\" content=\"summary_large_image\" \/>\n<meta name=\"twitter:label1\" content=\"Procijenjeno vrijeme \u010ditanja\" \/>\n\t<meta name=\"twitter:data1\" content=\"1 minuta\" \/>\n<script type=\"application\/ld+json\" class=\"yoast-schema-graph\">{\"@context\":\"https:\/\/schema.org\",\"@graph\":[{\"@type\":\"WebPage\",\"@id\":\"https:\/\/www.lejletul.com\/hr\/dubrovnik\/kontakt\/\",\"url\":\"https:\/\/www.lejletul.com\/hr\/dubrovnik\/kontakt\/\",\"name\":\"Kontakt | Lejletul Dubrovnik, Croatia\",\"isPartOf\":{\"@id\":\"https:\/\/www.lejletul.com\/#website\"},\"datePublished\":\"2017-09-14T11:12:33+00:00\",\"dateModified\":\"2018-05-10T11:05:05+00:00\",\"description\":\"Ime Lejletul inspirirano je Kur\u2019anom, gdje je \\\"lejletu - l\\\" dio naziva za svete islamske no\u0107i. Smje\u0161taj \u010dine 4 odvojene cjeline.\",\"breadcrumb\":{\"@id\":\"https:\/\/www.lejletul.com\/hr\/dubrovnik\/kontakt\/#breadcrumb\"},\"inLanguage\":\"hr\",\"potentialAction\":[{\"@type\":\"ReadAction\",\"target\":[\"https:\/\/www.lejletul.com\/hr\/dubrovnik\/kontakt\/\"]}]},{\"@type\":\"BreadcrumbList\",\"@id\":\"https:\/\/www.lejletul.com\/hr\/dubrovnik\/kontakt\/#breadcrumb\",\"itemListElement\":[{\"@type\":\"ListItem\",\"position\":1,\"name\":\"Home\",\"item\":\"https:\/\/www.lejletul.com\/\"},{\"@type\":\"ListItem\",\"position\":2,\"name\":\"Po\u010detna\",\"item\":\"https:\/\/www.lejletul.com\/hr\/dubrovnik\/\"},{\"@type\":\"ListItem\",\"position\":3,\"name\":\"Kontakt\"}]},{\"@type\":\"WebSite\",\"@id\":\"https:\/\/www.lejletul.com\/#website\",\"url\":\"https:\/\/www.lejletul.com\/\",\"name\":\"Lejletul | Unique, Urban, Smart.\",\"description\":\"Accommodation in Split and Dubrovnik, Croatia\",\"potentialAction\":[{\"@type\":\"SearchAction\",\"target\":{\"@type\":\"EntryPoint\",\"urlTemplate\":\"https:\/\/www.lejletul.com\/?s={search_term_string}\"},\"query-input\":\"required name=search_term_string\"}],\"inLanguage\":\"hr\"}]}<\/script>\n<!-- \/ Yoast SEO plugin. -->","yoast_head_json":{"title":"Kontakt | Lejletul Dubrovnik, Croatia","description":"Ime Lejletul inspirirano je Kur\u2019anom, gdje je \"lejletu - l\" dio naziva za svete islamske no\u0107i. Smje\u0161taj \u010dine 4 odvojene cjeline.","robots":{"index":"index","follow":"follow","max-snippet":"max-snippet:-1","max-image-preview":"max-image-preview:large","max-video-preview":"max-video-preview:-1"},"canonical":"https:\/\/www.lejletul.com\/hr\/dubrovnik\/kontakt\/","og_locale":"hr_HR","og_type":"article","og_title":"Kontakt | Lejletul Dubrovnik, Croatia","og_description":"Ime Lejletul inspirirano je Kur\u2019anom, gdje je \"lejletu - l\" dio naziva za svete islamske no\u0107i. Smje\u0161taj \u010dine 4 odvojene cjeline.","og_url":"https:\/\/www.lejletul.com\/hr\/dubrovnik\/kontakt\/","og_site_name":"Lejletul | Unique, Urban, Smart.","article_modified_time":"2018-05-10T11:05:05+00:00","twitter_card":"summary_large_image","twitter_misc":{"Procijenjeno vrijeme \u010ditanja":"1 minuta"},"schema":{"@context":"https:\/\/schema.org","@graph":[{"@type":"WebPage","@id":"https:\/\/www.lejletul.com\/hr\/dubrovnik\/kontakt\/","url":"https:\/\/www.lejletul.com\/hr\/dubrovnik\/kontakt\/","name":"Kontakt | Lejletul Dubrovnik, Croatia","isPartOf":{"@id":"https:\/\/www.lejletul.com\/#website"},"datePublished":"2017-09-14T11:12:33+00:00","dateModified":"2018-05-10T11:05:05+00:00","description":"Ime Lejletul inspirirano je Kur\u2019anom, gdje je \"lejletu - l\" dio naziva za svete islamske no\u0107i. Smje\u0161taj \u010dine 4 odvojene cjeline.","breadcrumb":{"@id":"https:\/\/www.lejletul.com\/hr\/dubrovnik\/kontakt\/#breadcrumb"},"inLanguage":"hr","potentialAction":[{"@type":"ReadAction","target":["https:\/\/www.lejletul.com\/hr\/dubrovnik\/kontakt\/"]}]},{"@type":"BreadcrumbList","@id":"https:\/\/www.lejletul.com\/hr\/dubrovnik\/kontakt\/#breadcrumb","itemListElement":[{"@type":"ListItem","position":1,"name":"Home","item":"https:\/\/www.lejletul.com\/"},{"@type":"ListItem","position":2,"name":"Po\u010detna","item":"https:\/\/www.lejletul.com\/hr\/dubrovnik\/"},{"@type":"ListItem","position":3,"name":"Kontakt"}]},{"@type":"WebSite","@id":"https:\/\/www.lejletul.com\/#website","url":"https:\/\/www.lejletul.com\/","name":"Lejletul | Unique, Urban, Smart.","description":"Accommodation in Split and Dubrovnik, Croatia","potentialAction":[{"@type":"SearchAction","target":{"@type":"EntryPoint","urlTemplate":"https:\/\/www.lejletul.com\/?s={search_term_string}"},"query-input":"required name=search_term_string"}],"inLanguage":"hr"}]}},"_links":{"self":[{"href":"https:\/\/www.lejletul.com\/hr\/wp-json\/wp\/v2\/pages\/468\/"}],"collection":[{"href":"https:\/\/www.lejletul.com\/hr\/wp-json\/wp\/v2\/pages\/"}],"about":[{"href":"https:\/\/www.lejletul.com\/hr\/wp-json\/wp\/v2\/types\/page\/"}],"author":[{"embeddable":true,"href":"https:\/\/www.lejletul.com\/hr\/wp-json\/wp\/v2\/users\/3\/"}],"replies":[{"embeddable":true,"href":"https:\/\/www.lejletul.com\/hr\/wp-json\/wp\/v2\/comments\/?post=468"}],"version-history":[{"count":5,"href":"https:\/\/www.lejletul.com\/hr\/wp-json\/wp\/v2\/pages\/468\/revisions\/"}],"predecessor-version":[{"id":512,"href":"https:\/\/www.lejletul.com\/hr\/wp-json\/wp\/v2\/pages\/468\/revisions\/512\/"}],"up":[{"embeddable":true,"href":"https:\/\/www.lejletul.com\/hr\/wp-json\/wp\/v2\/pages\/402\/"}],"wp:attachment":[{"href":"https:\/\/www.lejletul.com\/hr\/wp-json\/wp\/v2\/media\/?parent=468"}],"curies":[{"name":"wp","href":"https:\/\/api.w.org\/{rel}","templated":true}]}}